{"id":640,"date":"2024-01-09T18:27:26","date_gmt":"2024-01-09T17:27:26","guid":{"rendered":"https:\/\/massages.nyoto.fr\/?page_id=640"},"modified":"2025-09-10T10:19:51","modified_gmt":"2025-09-10T08:19:51","slug":"reservations-cms","status":"publish","type":"page","link":"https:\/\/massages.nyoto.fr\/new_site\/reservations-cms\/","title":{"rendered":"R\u00e9servez"},"content":{"rendered":"\t\t<div data-elementor-type=\"wp-page\" data-elementor-id=\"640\" class=\"elementor elementor-640\">\n\t\t\t\t\t\t<section class=\"elementor-section elementor-top-section elementor-element elementor-element-70a437d elementor-section-boxed elementor-section-height-default elementor-section-height-default\" data-id=\"70a437d\" data-element_type=\"section\">\n\t\t\t\t\t\t<div class=\"elementor-container elementor-column-gap-default\">\n\t\t\t\t\t<div class=\"elementor-column elementor-col-100 elementor-top-column elementor-element elementor-element-d8f3d1d\" data-id=\"d8f3d1d\" data-element_type=\"column\">\n\t\t\t<div class=\"elementor-widget-wrap elementor-element-populated\">\n\t\t\t\t\t\t<div class=\"elementor-element elementor-element-798fad4 elementor-widget elementor-widget-html\" data-id=\"798fad4\" data-element_type=\"widget\" data-widget_type=\"html.default\">\n\t\t\t\t<div class=\"elementor-widget-container\">\n\t\t\t\t\t<iframe src=\"https:\/\/antoine-carlotti-massages.reservio.com\/services\" height=\"500\" frameborder=\"0\"><\/iframe>\t\t\t\t<\/div>\n\t\t\t\t<\/div>\n\t\t\t\t\t<\/div>\n\t\t<\/div>\n\t\t\t\t\t<\/div>\n\t\t<\/section>\n\t\t\t\t<\/div>\n\t\t\n    <div class=\"xs_social_share_widget xs_share_url after_content \t\tmain_content  wslu-style-1 wslu-share-box-shaped wslu-fill-colored wslu-none wslu-share-horizontal wslu-theme-font-no wslu-main_content\">\n\n\t\t\n        <ul>\n\t\t\t        <\/ul>\n    <\/div> \n","protected":false},"excerpt":{"rendered":"","protected":false},"author":1,"featured_media":0,"parent":0,"menu_order":0,"comment_status":"closed","ping_status":"closed","template":"","meta":{"om_disable_all_campaigns":false,"_monsterinsights_skip_tracking":false,"_monsterinsights_sitenote_active":false,"_monsterinsights_sitenote_note":"","_monsterinsights_sitenote_category":0,"postBodyCss":"","postBodyMargin":[],"postBodyPadding":[],"postBodyBackground":{"backgroundType":"classic","gradient":""},"site-sidebar-layout":"default","site-content-layout":"","ast-site-content-layout":"default","site-content-style":"default","site-sidebar-style":"default","ast-global-header-display":"","ast-banner-title-visibility":"","ast-main-header-display":"","ast-hfb-above-header-display":"","ast-hfb-below-header-display":"","ast-hfb-mobile-header-display":"","site-post-title":"","ast-breadcrumbs-content":"","ast-featured-img":"","footer-sml-layout":"","theme-transparent-header-meta":"","adv-header-id-meta":"","stick-header-meta":"","header-above-stick-meta":"","header-main-stick-meta":"","header-below-stick-meta":"","astra-migrate-meta-layouts":"default","ast-page-background-enabled":"default","ast-page-background-meta":{"desktop":{"background-color":"var(--ast-global-color-4)","background-image":"","background-repeat":"repeat","background-position":"center center","background-size":"auto","background-attachment":"scroll","background-type":"","background-media":"","overlay-type":"","overlay-color":"","overlay-opacity":"","overlay-gradient":""},"tablet":{"background-color":"","background-image":"","background-repeat":"repeat","background-position":"center center","background-size":"auto","background-attachment":"scroll","background-type":"","background-media":"","overlay-type":"","overlay-color":"","overlay-opacity":"","overlay-gradient":""},"mobile":{"background-color":"","background-image":"","background-repeat":"repeat","background-position":"center center","background-size":"auto","background-attachment":"scroll","background-type":"","background-media":"","overlay-type":"","overlay-color":"","overlay-opacity":"","overlay-gradient":""}},"ast-content-background-meta":{"desktop":{"background-color":"var(--ast-global-color-5)","background-image":"","background-repeat":"repeat","background-position":"center center","background-size":"auto","background-attachment":"scroll","background-type":"","background-media":"","overlay-type":"","overlay-color":"","overlay-opacity":"","overlay-gradient":""},"tablet":{"background-color":"var(--ast-global-color-5)","background-image":"","background-repeat":"repeat","background-position":"center center","background-size":"auto","background-attachment":"scroll","background-type":"","background-media":"","overlay-type":"","overlay-color":"","overlay-opacity":"","overlay-gradient":""},"mobile":{"background-color":"var(--ast-global-color-5)","background-image":"","background-repeat":"repeat","background-position":"center center","background-size":"auto","background-attachment":"scroll","background-type":"","background-media":"","overlay-type":"","overlay-color":"","overlay-opacity":"","overlay-gradient":""}},"footnotes":""},"class_list":["post-640","page","type-page","status-publish","hentry"],"aioseo_notices":[],"yoast_head":"<!-- This site is optimized with the Yoast SEO plugin v26.5 - https:\/\/yoast.com\/wordpress\/plugins\/seo\/ -->\n<title>R\u00e9servez - Antoine CARLOTTI Massages Bien-\u00catre &amp; Sportifs<\/title>\n<meta name=\"robots\" content=\"index, follow, max-snippet:-1, max-image-preview:large, max-video-preview:-1\" \/>\n<link rel=\"canonical\" href=\"https:\/\/massages.nyoto.fr\/new_site\/reservations-cms\/\" \/>\n<meta property=\"og:locale\" content=\"fr_FR\" \/>\n<meta property=\"og:type\" content=\"article\" \/>\n<meta property=\"og:title\" content=\"R\u00e9servez - Antoine CARLOTTI Massages Bien-\u00catre &amp; Sportifs\" \/>\n<meta property=\"og:url\" content=\"https:\/\/massages.nyoto.fr\/new_site\/reservations-cms\/\" \/>\n<meta property=\"og:site_name\" content=\"Antoine CARLOTTI Massages Bien-\u00catre &amp; Sportifs\" \/>\n<meta property=\"article:publisher\" content=\"https:\/\/www.facebook.com\/AntoineCarlottiMasseur\/\" \/>\n<meta property=\"article:modified_time\" content=\"2025-09-10T08:19:51+00:00\" \/>\n<meta property=\"og:image\" content=\"https:\/\/i0.wp.com\/massages.nyoto.fr\/new_site\/wp-content\/uploads\/2022\/12\/cropped-cropped-Logo-Antoine-CARLOTTI-3.png?fit=512%2C512&ssl=1\" \/>\n\t<meta property=\"og:image:width\" content=\"512\" \/>\n\t<meta property=\"og:image:height\" content=\"512\" \/>\n\t<meta property=\"og:image:type\" content=\"image\/png\" \/>\n<meta name=\"twitter:card\" content=\"summary_large_image\" \/>\n<script type=\"application\/ld+json\" class=\"yoast-schema-graph\">{\"@context\":\"https:\/\/schema.org\",\"@graph\":[{\"@type\":\"WebPage\",\"@id\":\"https:\/\/massages.nyoto.fr\/new_site\/reservations-cms\/\",\"url\":\"https:\/\/massages.nyoto.fr\/new_site\/reservations-cms\/\",\"name\":\"R\u00e9servez - Antoine CARLOTTI Massages Bien-\u00catre &amp; Sportifs\",\"isPartOf\":{\"@id\":\"https:\/\/massages.nyoto.fr\/new_site\/#website\"},\"datePublished\":\"2024-01-09T17:27:26+00:00\",\"dateModified\":\"2025-09-10T08:19:51+00:00\",\"breadcrumb\":{\"@id\":\"https:\/\/massages.nyoto.fr\/new_site\/reservations-cms\/#breadcrumb\"},\"inLanguage\":\"fr-FR\",\"potentialAction\":[{\"@type\":\"ReadAction\",\"target\":[\"https:\/\/massages.nyoto.fr\/new_site\/reservations-cms\/\"]}]},{\"@type\":\"BreadcrumbList\",\"@id\":\"https:\/\/massages.nyoto.fr\/new_site\/reservations-cms\/#breadcrumb\",\"itemListElement\":[{\"@type\":\"ListItem\",\"position\":1,\"name\":\"Accueil\",\"item\":\"https:\/\/massages.nyoto.fr\/new_site\/\"},{\"@type\":\"ListItem\",\"position\":2,\"name\":\"R\u00e9servez\"}]},{\"@type\":\"WebSite\",\"@id\":\"https:\/\/massages.nyoto.fr\/new_site\/#website\",\"url\":\"https:\/\/massages.nyoto.fr\/new_site\/\",\"name\":\"Antoine CARLOTTI Massages Bien-\u00catre et Sportifs\",\"description\":\"Offrez vous une pause relaxation\",\"publisher\":{\"@id\":\"https:\/\/massages.nyoto.fr\/new_site\/#\/schema\/person\/a04563ffe4ab9ca40f374984fe548bcc\"},\"alternateName\":\"Antoine CARLOTTI Massages\",\"potentialAction\":[{\"@type\":\"SearchAction\",\"target\":{\"@type\":\"EntryPoint\",\"urlTemplate\":\"https:\/\/massages.nyoto.fr\/new_site\/?s={search_term_string}\"},\"query-input\":{\"@type\":\"PropertyValueSpecification\",\"valueRequired\":true,\"valueName\":\"search_term_string\"}}],\"inLanguage\":\"fr-FR\"},{\"@type\":[\"Person\",\"Organization\"],\"@id\":\"https:\/\/massages.nyoto.fr\/new_site\/#\/schema\/person\/a04563ffe4ab9ca40f374984fe548bcc\",\"name\":\"Antoine CARLOTTI\",\"image\":{\"@type\":\"ImageObject\",\"inLanguage\":\"fr-FR\",\"@id\":\"https:\/\/massages.nyoto.fr\/new_site\/#\/schema\/person\/image\/\",\"url\":\"https:\/\/i0.wp.com\/massages.nyoto.fr\/new_site\/wp-content\/uploads\/2023\/01\/cropped-Logo-Antoine-CARLOTTI-Signature.png?fit=512%2C512&ssl=1\",\"contentUrl\":\"https:\/\/i0.wp.com\/massages.nyoto.fr\/new_site\/wp-content\/uploads\/2023\/01\/cropped-Logo-Antoine-CARLOTTI-Signature.png?fit=512%2C512&ssl=1\",\"width\":512,\"height\":512,\"caption\":\"Antoine CARLOTTI\"},\"logo\":{\"@id\":\"https:\/\/massages.nyoto.fr\/new_site\/#\/schema\/person\/image\/\"},\"sameAs\":[\"https:\/\/massages.nyoto.fr\/new_site\",\"https:\/\/www.facebook.com\/AntoineCarlottiMasseur\/\",\"https:\/\/www.instagram.com\/antoine_carlotti_massages\/\"]}]}<\/script>\n<!-- \/ Yoast SEO plugin. -->","yoast_head_json":{"title":"R\u00e9servez - Antoine CARLOTTI Massages Bien-\u00catre &amp; Sportifs","robots":{"index":"index","follow":"follow","max-snippet":"max-snippet:-1","max-image-preview":"max-image-preview:large","max-video-preview":"max-video-preview:-1"},"canonical":"https:\/\/massages.nyoto.fr\/new_site\/reservations-cms\/","og_locale":"fr_FR","og_type":"article","og_title":"R\u00e9servez - Antoine CARLOTTI Massages Bien-\u00catre &amp; Sportifs","og_url":"https:\/\/massages.nyoto.fr\/new_site\/reservations-cms\/","og_site_name":"Antoine CARLOTTI Massages Bien-\u00catre &amp; Sportifs","article_publisher":"https:\/\/www.facebook.com\/AntoineCarlottiMasseur\/","article_modified_time":"2025-09-10T08:19:51+00:00","og_image":[{"width":512,"height":512,"url":"https:\/\/i0.wp.com\/massages.nyoto.fr\/new_site\/wp-content\/uploads\/2022\/12\/cropped-cropped-Logo-Antoine-CARLOTTI-3.png?fit=512%2C512&ssl=1","type":"image\/png"}],"twitter_card":"summary_large_image","schema":{"@context":"https:\/\/schema.org","@graph":[{"@type":"WebPage","@id":"https:\/\/massages.nyoto.fr\/new_site\/reservations-cms\/","url":"https:\/\/massages.nyoto.fr\/new_site\/reservations-cms\/","name":"R\u00e9servez - Antoine CARLOTTI Massages Bien-\u00catre &amp; Sportifs","isPartOf":{"@id":"https:\/\/massages.nyoto.fr\/new_site\/#website"},"datePublished":"2024-01-09T17:27:26+00:00","dateModified":"2025-09-10T08:19:51+00:00","breadcrumb":{"@id":"https:\/\/massages.nyoto.fr\/new_site\/reservations-cms\/#breadcrumb"},"inLanguage":"fr-FR","potentialAction":[{"@type":"ReadAction","target":["https:\/\/massages.nyoto.fr\/new_site\/reservations-cms\/"]}]},{"@type":"BreadcrumbList","@id":"https:\/\/massages.nyoto.fr\/new_site\/reservations-cms\/#breadcrumb","itemListElement":[{"@type":"ListItem","position":1,"name":"Accueil","item":"https:\/\/massages.nyoto.fr\/new_site\/"},{"@type":"ListItem","position":2,"name":"R\u00e9servez"}]},{"@type":"WebSite","@id":"https:\/\/massages.nyoto.fr\/new_site\/#website","url":"https:\/\/massages.nyoto.fr\/new_site\/","name":"Antoine CARLOTTI Massages Bien-\u00catre et Sportifs","description":"Offrez vous une pause relaxation","publisher":{"@id":"https:\/\/massages.nyoto.fr\/new_site\/#\/schema\/person\/a04563ffe4ab9ca40f374984fe548bcc"},"alternateName":"Antoine CARLOTTI Massages","potentialAction":[{"@type":"SearchAction","target":{"@type":"EntryPoint","urlTemplate":"https:\/\/massages.nyoto.fr\/new_site\/?s={search_term_string}"},"query-input":{"@type":"PropertyValueSpecification","valueRequired":true,"valueName":"search_term_string"}}],"inLanguage":"fr-FR"},{"@type":["Person","Organization"],"@id":"https:\/\/massages.nyoto.fr\/new_site\/#\/schema\/person\/a04563ffe4ab9ca40f374984fe548bcc","name":"Antoine CARLOTTI","image":{"@type":"ImageObject","inLanguage":"fr-FR","@id":"https:\/\/massages.nyoto.fr\/new_site\/#\/schema\/person\/image\/","url":"https:\/\/i0.wp.com\/massages.nyoto.fr\/new_site\/wp-content\/uploads\/2023\/01\/cropped-Logo-Antoine-CARLOTTI-Signature.png?fit=512%2C512&ssl=1","contentUrl":"https:\/\/i0.wp.com\/massages.nyoto.fr\/new_site\/wp-content\/uploads\/2023\/01\/cropped-Logo-Antoine-CARLOTTI-Signature.png?fit=512%2C512&ssl=1","width":512,"height":512,"caption":"Antoine CARLOTTI"},"logo":{"@id":"https:\/\/massages.nyoto.fr\/new_site\/#\/schema\/person\/image\/"},"sameAs":["https:\/\/massages.nyoto.fr\/new_site","https:\/\/www.facebook.com\/AntoineCarlottiMasseur\/","https:\/\/www.instagram.com\/antoine_carlotti_massages\/"]}]}},"jetpack-related-posts":[{"id":244,"url":"https:\/\/massages.nyoto.fr\/new_site\/reservez-votre-massage\/","url_meta":{"origin":640,"position":0},"title":"R\u00e9servez votre massage","author":"Antoine CARLOTTI","date":"12 d\u00e9cembre 2022","format":false,"excerpt":"R\u00e9servez votre massage [bookly-form category_id=\"1\" service_id=\"1\" staff_member_id=\"1\" hide=\"staff_members\"]","rel":"","context":"Article similaire","block_context":{"text":"Article similaire","link":""},"img":{"alt_text":"","src":"","width":0,"height":0},"classes":[]},{"id":798,"url":"https:\/\/massages.nyoto.fr\/new_site\/contact-2\/","url_meta":{"origin":640,"position":1},"title":"Contact","author":"Antoine CARLOTTI","date":"20 juin 2025","format":false,"excerpt":"Contactez-moi Vous avez une question, vous souhaitez r\u00e9server ou en savoir plus sur mes prestations ?Je vous r\u00e9ponds rapidement, avec plaisir. Adresse CMS de Nice Parc des Sports Charles EHRMANN 155 Bd du Mercantour, 06200 Nice Email massages@nyoto.fr T\u00e9l\u00e9phone (+33) 7 77 39 91 63 Veuillez activer JavaScript dans votre\u2026","rel":"","context":"Article similaire","block_context":{"text":"Article similaire","link":""},"img":{"alt_text":"Chargement en cours","src":"https:\/\/massages.nyoto.fr\/new_site\/wp-content\/plugins\/wpforms-lite\/assets\/images\/submit-spin.svg","width":350,"height":200},"classes":[]},{"id":797,"url":"https:\/\/massages.nyoto.fr\/new_site\/prestations\/","url_meta":{"origin":640,"position":2},"title":"Services","author":"Antoine CARLOTTI","date":"20 juin 2025","format":false,"excerpt":"Mes Services Je propose des massages et des accompagnements personnalis\u00e9s pour r\u00e9pondre aux besoins de chacun : r\u00e9cup\u00e9ration physique, d\u00e9tente mentale ou performance durable.\u00c0 domicile, en entreprise, en \u00e9v\u00e9nement ou au sein du Centre M\u00e9dico-Sportif de Nice, chaque intervention est adapt\u00e9e, pr\u00e9cise et centr\u00e9e sur vous. \ud83c\udfe5 Au CMS de\u2026","rel":"","context":"Article similaire","block_context":{"text":"Article similaire","link":""},"img":{"alt_text":"","src":"https:\/\/i0.wp.com\/massages.nyoto.fr\/new_site\/wp-content\/uploads\/2025\/12\/Pub-ZEAL-Vierge-e1764949054647.png?resize=350%2C200&ssl=1","width":350,"height":200,"srcset":"https:\/\/i0.wp.com\/massages.nyoto.fr\/new_site\/wp-content\/uploads\/2025\/12\/Pub-ZEAL-Vierge-e1764949054647.png?resize=350%2C200&ssl=1 1x, https:\/\/i0.wp.com\/massages.nyoto.fr\/new_site\/wp-content\/uploads\/2025\/12\/Pub-ZEAL-Vierge-e1764949054647.png?resize=525%2C300&ssl=1 1.5x"},"classes":[]},{"id":795,"url":"https:\/\/massages.nyoto.fr\/new_site\/","url_meta":{"origin":640,"position":3},"title":"Home","author":"Antoine CARLOTTI","date":"20 juin 2025","format":false,"excerpt":"Massages Bien-\u00catre & Sportifs Offrez-vous un moment de d\u00e9tente et de r\u00e9cup\u00e9ration R\u00e9servez votre massage Qui suis-je Je m\u2019appelle Antoine Carlotti, je suis masseur certifi\u00e9 et passionn\u00e9 par le bien-\u00eatre, le sport et la r\u00e9cup\u00e9ration physique.J\u2019accompagne sportifs, salari\u00e9s et particuliers dans leur retour \u00e0 l\u2019\u00e9quilibre, avec une approche centr\u00e9e sur\u2026","rel":"","context":"Article similaire","block_context":{"text":"Article similaire","link":""},"img":{"alt_text":"","src":"https:\/\/i0.wp.com\/massages.nyoto.fr\/new_site\/wp-content\/uploads\/2025\/06\/image00003-scaled.jpeg?resize=350%2C200&ssl=1","width":350,"height":200,"srcset":"https:\/\/i0.wp.com\/massages.nyoto.fr\/new_site\/wp-content\/uploads\/2025\/06\/image00003-scaled.jpeg?resize=350%2C200&ssl=1 1x, https:\/\/i0.wp.com\/massages.nyoto.fr\/new_site\/wp-content\/uploads\/2025\/06\/image00003-scaled.jpeg?resize=525%2C300&ssl=1 1.5x, https:\/\/i0.wp.com\/massages.nyoto.fr\/new_site\/wp-content\/uploads\/2025\/06\/image00003-scaled.jpeg?resize=700%2C400&ssl=1 2x, https:\/\/i0.wp.com\/massages.nyoto.fr\/new_site\/wp-content\/uploads\/2025\/06\/image00003-scaled.jpeg?resize=1050%2C600&ssl=1 3x, https:\/\/i0.wp.com\/massages.nyoto.fr\/new_site\/wp-content\/uploads\/2025\/06\/image00003-scaled.jpeg?resize=1400%2C800&ssl=1 4x"},"classes":[]}],"jetpack_sharing_enabled":true,"_links":{"self":[{"href":"https:\/\/massages.nyoto.fr\/new_site\/wp-json\/wp\/v2\/pages\/640","targetHints":{"allow":["GET"]}}],"collection":[{"href":"https:\/\/massages.nyoto.fr\/new_site\/wp-json\/wp\/v2\/pages"}],"about":[{"href":"https:\/\/massages.nyoto.fr\/new_site\/wp-json\/wp\/v2\/types\/page"}],"author":[{"embeddable":true,"href":"https:\/\/massages.nyoto.fr\/new_site\/wp-json\/wp\/v2\/users\/1"}],"replies":[{"embeddable":true,"href":"https:\/\/massages.nyoto.fr\/new_site\/wp-json\/wp\/v2\/comments?post=640"}],"version-history":[{"count":21,"href":"https:\/\/massages.nyoto.fr\/new_site\/wp-json\/wp\/v2\/pages\/640\/revisions"}],"predecessor-version":[{"id":973,"href":"https:\/\/massages.nyoto.fr\/new_site\/wp-json\/wp\/v2\/pages\/640\/revisions\/973"}],"wp:attachment":[{"href":"https:\/\/massages.nyoto.fr\/new_site\/wp-json\/wp\/v2\/media?parent=640"}],"curies":[{"name":"wp","href":"https:\/\/api.w.org\/{rel}","templated":true}]}}